

{"id":472,"date":"2016-11-21T14:44:29","date_gmt":"2016-11-21T13:44:29","guid":{"rendered":"https:\/\/www.patisserie-blanleil.fr\/?post_type=product&#038;p=472"},"modified":"2026-01-13T19:41:37","modified_gmt":"2026-01-13T18:41:37","slug":"entremets","status":"publish","type":"product","link":"https:\/\/www.patisserie-blanleil.fr\/?product=entremets&lang=fr","title":{"rendered":"Entremets"},"content":{"rendered":"<p><strong>Curcuma<\/strong><br \/>\nmangue curcumin croquant citron et ananas caram\u00e9lis\u00e9s<\/p>\n<p><strong>Croquant chocolat<\/strong><\/p>\n<p><strong>Cactus<\/strong><br \/>\nAgrume cactus gingembre croquant chocolat blanc<\/p>\n<p><strong>Fraise marmelade<\/strong><\/p>\n<p><strong>Fraise des bois<\/strong><\/p>\n<p><strong>Saveurs d&rsquo;enfance<\/strong><br \/>\nChocolat noir caramel beurre sal\u00e9 choco blanc<\/p>\n<p><strong>Caf\u00e9<\/strong><br \/>\nganache caf\u00e9<\/p>\n<p><strong>Chocolat<\/strong><br \/>\nganache chocolat<\/p>\n<p><strong>Tarte Citron<br \/>\n<\/strong><\/p>\n<p><strong>Passion<\/strong><\/p>\n<p><strong>Poire Chocolat<\/strong><\/p>\n<p><strong>Croquant chocolat au lait<\/strong><\/p>\n<p><strong>Tiramisu<\/strong><\/p>\n<p><strong>Glace omelette norv\u00e9gienne<\/strong><\/p>\n<p><strong>Vacherin<\/strong><\/p>\n<p><strong>Caramel<\/strong><br \/>\nCaramel poire caram\u00e9lis\u00e9<\/p>\n<p><strong>For\u00eat noire<\/strong><\/p>\n<p><strong>Fraisier<\/strong><\/p>\n<p><strong>St Honor\u00e9<\/strong><\/p>\n<p><strong>Moka<\/strong><\/p>\n<p><strong>Paris brest<\/strong><\/p>\n<p>&nbsp;<\/p>\n<p>&nbsp;<\/p>\n","protected":false},"excerpt":{"rendered":"<p>Nous proposons une large gamme d&rsquo;entremets, lunchs et tartes dont vous nous donnons un aper\u00e7u ici.<\/p>\n<p>Ces entremets sont \u00e0 commander directement sur place \u00e0 la p\u00e2tisserie ou par t\u00e9l\u00e9phone.<\/p>\n","protected":false},"featured_media":724,"comment_status":"closed","ping_status":"closed","template":"","meta":[],"product_brand":[],"product_cat":[48],"product_tag":[],"class_list":{"0":"post-472","1":"product","2":"type-product","3":"status-publish","4":"has-post-thumbnail","6":"product_cat-patisserie","8":"first","9":"instock","10":"featured","11":"taxable","12":"shipping-taxable","13":"product-type-simple"},"_links":{"self":[{"href":"https:\/\/www.patisserie-blanleil.fr\/index.php?rest_route=\/wp\/v2\/product\/472","targetHints":{"allow":["GET"]}}],"collection":[{"href":"https:\/\/www.patisserie-blanleil.fr\/index.php?rest_route=\/wp\/v2\/product"}],"about":[{"href":"https:\/\/www.patisserie-blanleil.fr\/index.php?rest_route=\/wp\/v2\/types\/product"}],"replies":[{"embeddable":true,"href":"https:\/\/www.patisserie-blanleil.fr\/index.php?rest_route=%2Fwp%2Fv2%2Fcomments&post=472"}],"wp:featuredmedia":[{"embeddable":true,"href":"https:\/\/www.patisserie-blanleil.fr\/index.php?rest_route=\/wp\/v2\/media\/724"}],"wp:attachment":[{"href":"https:\/\/www.patisserie-blanleil.fr\/index.php?rest_route=%2Fwp%2Fv2%2Fmedia&parent=472"}],"wp:term":[{"taxonomy":"product_brand","embeddable":true,"href":"https:\/\/www.patisserie-blanleil.fr\/index.php?rest_route=%2Fwp%2Fv2%2Fproduct_brand&post=472"},{"taxonomy":"product_cat","embeddable":true,"href":"https:\/\/www.patisserie-blanleil.fr\/index.php?rest_route=%2Fwp%2Fv2%2Fproduct_cat&post=472"},{"taxonomy":"product_tag","embeddable":true,"href":"https:\/\/www.patisserie-blanleil.fr\/index.php?rest_route=%2Fwp%2Fv2%2Fproduct_tag&post=472"}],"curies":[{"name":"wp","href":"https:\/\/api.w.org\/{rel}","templated":true}]}}