

{"id":468,"date":"2016-11-21T14:45:06","date_gmt":"2016-11-21T13:45:06","guid":{"rendered":"https:\/\/www.patisserie-blanleil.fr\/?post_type=product&#038;p=468"},"modified":"2026-01-13T19:41:37","modified_gmt":"2026-01-13T18:41:37","slug":"gateau-danniversaire","status":"publish","type":"product","link":"https:\/\/www.patisserie-blanleil.fr\/?product=gateau-danniversaire&lang=fr","title":{"rendered":"Gateaux \u00e0 th\u00e8mes"},"content":{"rendered":"","protected":false},"excerpt":{"rendered":"<p>Selon le th\u00e8me de vos \u00e9v\u00e9nements, nous vous proposons de personnaliser vos desserts :<\/p>\n<ul>\n<li>bapt\u00eame, mariage,<\/li>\n<li>anniversaire,<\/li>\n<li>soir\u00e9e \u00e0 th\u00e8mes,<\/li>\n<li>repas de famille.<\/li>\n<\/ul>\n<p>&nbsp;<\/p>\n","protected":false},"featured_media":782,"comment_status":"closed","ping_status":"closed","template":"","meta":[],"product_brand":[],"product_cat":[48],"product_tag":[],"class_list":{"0":"post-468","1":"product","2":"type-product","3":"status-publish","4":"has-post-thumbnail","6":"product_cat-patisserie","8":"first","9":"instock","10":"featured","11":"taxable","12":"shipping-taxable","13":"product-type-simple"},"_links":{"self":[{"href":"https:\/\/www.patisserie-blanleil.fr\/index.php?rest_route=\/wp\/v2\/product\/468","targetHints":{"allow":["GET"]}}],"collection":[{"href":"https:\/\/www.patisserie-blanleil.fr\/index.php?rest_route=\/wp\/v2\/product"}],"about":[{"href":"https:\/\/www.patisserie-blanleil.fr\/index.php?rest_route=\/wp\/v2\/types\/product"}],"replies":[{"embeddable":true,"href":"https:\/\/www.patisserie-blanleil.fr\/index.php?rest_route=%2Fwp%2Fv2%2Fcomments&post=468"}],"wp:featuredmedia":[{"embeddable":true,"href":"https:\/\/www.patisserie-blanleil.fr\/index.php?rest_route=\/wp\/v2\/media\/782"}],"wp:attachment":[{"href":"https:\/\/www.patisserie-blanleil.fr\/index.php?rest_route=%2Fwp%2Fv2%2Fmedia&parent=468"}],"wp:term":[{"taxonomy":"product_brand","embeddable":true,"href":"https:\/\/www.patisserie-blanleil.fr\/index.php?rest_route=%2Fwp%2Fv2%2Fproduct_brand&post=468"},{"taxonomy":"product_cat","embeddable":true,"href":"https:\/\/www.patisserie-blanleil.fr\/index.php?rest_route=%2Fwp%2Fv2%2Fproduct_cat&post=468"},{"taxonomy":"product_tag","embeddable":true,"href":"https:\/\/www.patisserie-blanleil.fr\/index.php?rest_route=%2Fwp%2Fv2%2Fproduct_tag&post=468"}],"curies":[{"name":"wp","href":"https:\/\/api.w.org\/{rel}","templated":true}]}}