

{"id":466,"date":"2016-11-21T14:46:19","date_gmt":"2016-11-21T13:46:19","guid":{"rendered":"https:\/\/www.patisserie-blanleil.fr\/?post_type=product&#038;p=466"},"modified":"2026-01-13T19:41:36","modified_gmt":"2026-01-13T18:41:36","slug":"piece-montee","status":"publish","type":"product","link":"https:\/\/www.patisserie-blanleil.fr\/?product=piece-montee&lang=fr","title":{"rendered":"Pi\u00e8ces mont\u00e9es"},"content":{"rendered":"","protected":false},"excerpt":{"rendered":"<p>Commandez vos pi\u00e8ces mont\u00e9es sur-mesure, parmi un vaste choix de compositions classiques et originales.\u00a0Nous vous proposons un large choix de pi\u00e8ces mont\u00e9es qui sauront s&rsquo;adapter aux th\u00e8mes de vos \u00e9v\u00e9nements.<\/p>\n<p>Ces pi\u00e8ces mont\u00e9es sont \u00e0 commander directement en vous rendant au magasin ou par t\u00e9l\u00e9phone.<\/p>\n","protected":false},"featured_media":775,"comment_status":"closed","ping_status":"closed","template":"","meta":[],"product_brand":[],"product_cat":[48],"product_tag":[],"class_list":{"0":"post-466","1":"product","2":"type-product","3":"status-publish","4":"has-post-thumbnail","6":"product_cat-patisserie","8":"first","9":"instock","10":"featured","11":"taxable","12":"shipping-taxable","13":"product-type-simple"},"_links":{"self":[{"href":"https:\/\/www.patisserie-blanleil.fr\/index.php?rest_route=\/wp\/v2\/product\/466","targetHints":{"allow":["GET"]}}],"collection":[{"href":"https:\/\/www.patisserie-blanleil.fr\/index.php?rest_route=\/wp\/v2\/product"}],"about":[{"href":"https:\/\/www.patisserie-blanleil.fr\/index.php?rest_route=\/wp\/v2\/types\/product"}],"replies":[{"embeddable":true,"href":"https:\/\/www.patisserie-blanleil.fr\/index.php?rest_route=%2Fwp%2Fv2%2Fcomments&post=466"}],"wp:featuredmedia":[{"embeddable":true,"href":"https:\/\/www.patisserie-blanleil.fr\/index.php?rest_route=\/wp\/v2\/media\/775"}],"wp:attachment":[{"href":"https:\/\/www.patisserie-blanleil.fr\/index.php?rest_route=%2Fwp%2Fv2%2Fmedia&parent=466"}],"wp:term":[{"taxonomy":"product_brand","embeddable":true,"href":"https:\/\/www.patisserie-blanleil.fr\/index.php?rest_route=%2Fwp%2Fv2%2Fproduct_brand&post=466"},{"taxonomy":"product_cat","embeddable":true,"href":"https:\/\/www.patisserie-blanleil.fr\/index.php?rest_route=%2Fwp%2Fv2%2Fproduct_cat&post=466"},{"taxonomy":"product_tag","embeddable":true,"href":"https:\/\/www.patisserie-blanleil.fr\/index.php?rest_route=%2Fwp%2Fv2%2Fproduct_tag&post=466"}],"curies":[{"name":"wp","href":"https:\/\/api.w.org\/{rel}","templated":true}]}}